{"id":3,"date":"2020-10-29T16:36:45","date_gmt":"2020-10-29T15:36:45","guid":{"rendered":"https:\/\/esveld.de\/a\/?page_id=3"},"modified":"2022-02-08T21:05:14","modified_gmt":"2022-02-08T20:05:14","slug":"datenschutzerklaerung","status":"publish","type":"page","link":"https:\/\/esveld.de\/a\/datenschutzerklaerung\/","title":{"rendered":"Datenschutzerkl\u00e4rung"},"content":{"rendered":"\n<p>Datenschutzerkl\u00e4rung Kundenverwaltung<\/p>\n\n\n\n<p>In dieser Datenschutzerkl\u00e4rung geben wir einen Einblick, welche datenschutzrelevanten Informationen wir haben, was wir damit machen und was wir tun, um dies so sicher wie m\u00f6glich zu machen.<\/p>\n\n\n\n<p>Art der Daten.<\/p>\n\n\n\n<p>Im Rahmen unserer Kundenverwaltung haben wir folgende Daten von unseren Kunden:<br>\u2013 Name<br>\u2013 Stra\u00dfe und Nummer<br>\u2013 Postleitzahl<br>\u2013 Wohnsitz<br>\u2013 Land<br>\u2013 Telefonnummer<br>\u2013 E-Mail-Addresse<br>\u2013 Umsatzsteuer-Identifikationsnummer (nur Unternehmen in der EU)<br>\u2013 Aufnahme in die Mailing-Datei ja oder nein. Wenn ja, ist eine Berechtigung verf\u00fcgbar.<br>Die oben genannten Informationen wurden in jedem Fall vom Kunden selbst bereitgestellt.<\/p>\n\n\n\n<p>Die folgenden Daten sind verf\u00fcgbar, die alle das Ergebnis von Bestellungen, Angebotsanfragen und dergleichen sind:<br>\u2013 Bestellverlauf<br>\u2013 Angebotsverlauf<br>\u2013 Rechnungsverlauf<br>\u2013 Zahlungsverlauf (wir speichern jedoch KEINE Bankkontonummern)<\/p>\n\n\n\n<p>Verwendung der oben genannten Daten<\/p>\n\n\n\n<p>Wir verwenden die oben genannten Daten f\u00fcr folgende Zwecke:<br>\u2013 Pflege des Kundenkontakts<br>\u2013 Ausf\u00fchren von Bestellungen, Erstellen von Lieferscheinen, Rechnungen, Angeboten und dergleichen<br>\u2013 Durchf\u00fchrung einer Finanzverwaltung, gegebenenfalls Versenden von Erinnerungen und dergleichen<br>\u2013 Bereitstellung von Daten an die Steuer- und Zollverwaltung, kommunale Einrichtungen, den Buchhalter und dergleichen, wenn dies gesetzlich oder beh\u00f6rdlich vorgeschrieben ist<br>\u2013 Versenden von Newslettern an Kunden, die sich daf\u00fcr registriert haben. Die Option zum Abbestellen ist mit jedem Newsletter verf\u00fcgbar.<br>Wir geben die Daten NIEMALS an Dritte weiter, es sei denn, das Gesetz zwingt uns dazu.<\/p>\n\n\n\n<p>Wo und wie speichern wir Ihre Daten?<\/p>\n\n\n\n<p>Die \u00fcberwiegende Mehrheit der Daten wird in unserem eigenen lokalen Netzwerk gespeichert. Dieses Netzwerk ist (nat\u00fcrlich) mit einem Passwort gesch\u00fctzt. Um auf die datenschutzrelevanten Daten zugreifen zu k\u00f6nnen, ist erneut ein Passwort erforderlich, also doppelter Passwortschutz. Auf der Internetseite werden Ihre Namen- und Adressdaten nur gespeichert, wenn Sie sich im Webshop registriert haben. Diese Datendatei wird verschl\u00fcsselt im Internet gespeichert.<\/p>\n\n\n\n<p>Daten anzeigen, \u00e4ndern und l\u00f6schen<\/p>\n\n\n\n<p>Sie k\u00f6nnen auf Anfrage Ihre eigene Registrierung auf der Website anzeigen und uns bitten, diese Informationen zu \u00e4ndern oder aus dieser Datei zu entfernen.<\/p>\n\n\n\n<p>Die Daten in unserer Verwaltung k\u00f6nnen auf Anfrage auch an Sie gesendet werden und Sie k\u00f6nnen nat\u00fcrlich Daten erg\u00e4nzen und \u00e4ndern lassen. Das Entfernen oder \u00c4ndern ist nicht in allen F\u00e4llen m\u00f6glich. Beispielsweise k\u00f6nnen Daten aus der Finanzverwaltung, die f\u00fcr die Aufrechterhaltung der G\u00fcltigkeit erforderlich sind, nicht einfach entfernt oder ge\u00e4ndert werden. Daten, die legal aufbewahrt werden m\u00fcssen, k\u00f6nnen nicht gel\u00f6scht oder ge\u00e4ndert werden.<\/p>\n\n\n\n<p>Fragen oder Beschwerden<\/p>\n\n\n\n<p>Wenn Sie Fragen oder Beschwerden zu dieser Datenschutzerkl\u00e4rung haben, k\u00f6nnen Sie uns jederzeit kontaktieren.<\/p>\n","protected":false},"excerpt":{"rendered":"<p>Datenschutzerkl\u00e4rung Kundenverwaltung In dieser Datenschutzerkl\u00e4rung geben wir einen Einblick, welche datenschutzrelevanten Informationen wir haben, was wir damit machen und was wir tun, um dies so sicher wie m\u00f6glich zu machen. Art der Daten. Im Rahmen unserer Kundenverwaltung haben wir folgende Daten von unseren Kunden:\u2013 Name\u2013 Stra\u00dfe und Nummer\u2013 Postleitzahl\u2013 Wohnsitz\u2013 Land\u2013 Telefonnummer\u2013 E-Mail-Addresse\u2013 Umsatzsteuer-Identifikationsnummer (nur [&hellip;]<\/p>\n","protected":false},"author":1,"featured_media":0,"parent":0,"menu_order":0,"comment_status":"closed","ping_status":"open","template":"","meta":{"site-sidebar-layout":"no-sidebar","site-content-layout":"","ast-site-content-layout":"default","site-content-style":"default","site-sidebar-style":"default","ast-global-header-display":"","ast-banner-title-visibility":"","ast-main-header-display":"","ast-hfb-above-header-display":"","ast-hfb-below-header-display":"","ast-hfb-mobile-header-display":"","site-post-title":"","ast-breadcrumbs-content":"","ast-featured-img":"","footer-sml-layout":"","ast-disable-related-posts":"","theme-transparent-header-meta":"","adv-header-id-meta":"","stick-header-meta":"","header-above-stick-meta":"","header-main-stick-meta":"","header-below-stick-meta":"","astra-migrate-meta-layouts":"default","ast-page-background-enabled":"default","ast-page-background-meta":{"desktop":{"background-color":"","background-image":"","background-repeat":"repeat","background-position":"center center","background-size":"auto","background-attachment":"scroll","background-type":"","background-media":"","overlay-type":"","overlay-color":"","overlay-opacity":"","overlay-gradient":""},"tablet":{"background-color":"","background-image":"","background-repeat":"repeat","background-position":"center center","background-size":"auto","background-attachment":"scroll","background-type":"","background-media":"","overlay-type":"","overlay-color":"","overlay-opacity":"","overlay-gradient":""},"mobile":{"background-color":"","background-image":"","background-repeat":"repeat","background-position":"center center","background-size":"auto","background-attachment":"scroll","background-type":"","background-media":"","overlay-type":"","overlay-color":"","overlay-opacity":"","overlay-gradient":""}},"ast-content-background-meta":{"desktop":{"background-color":"var(--ast-global-color-5)","background-image":"","background-repeat":"repeat","background-position":"center center","background-size":"auto","background-attachment":"scroll","background-type":"","background-media":"","overlay-type":"","overlay-color":"","overlay-opacity":"","overlay-gradient":""},"tablet":{"background-color":"var(--ast-global-color-5)","background-image":"","background-repeat":"repeat","background-position":"center center","background-size":"auto","background-attachment":"scroll","background-type":"","background-media":"","overlay-type":"","overlay-color":"","overlay-opacity":"","overlay-gradient":""},"mobile":{"background-color":"var(--ast-global-color-5)","background-image":"","background-repeat":"repeat","background-position":"center center","background-size":"auto","background-attachment":"scroll","background-type":"","background-media":"","overlay-type":"","overlay-color":"","overlay-opacity":"","overlay-gradient":""}},"footnotes":""},"class_list":["post-3","page","type-page","status-publish","hentry"],"_links":{"self":[{"href":"https:\/\/esveld.de\/a\/wp-json\/wp\/v2\/pages\/3","targetHints":{"allow":["GET"]}}],"collection":[{"href":"https:\/\/esveld.de\/a\/wp-json\/wp\/v2\/pages"}],"about":[{"href":"https:\/\/esveld.de\/a\/wp-json\/wp\/v2\/types\/page"}],"author":[{"embeddable":true,"href":"https:\/\/esveld.de\/a\/wp-json\/wp\/v2\/users\/1"}],"replies":[{"embeddable":true,"href":"https:\/\/esveld.de\/a\/wp-json\/wp\/v2\/comments?post=3"}],"version-history":[{"count":0,"href":"https:\/\/esveld.de\/a\/wp-json\/wp\/v2\/pages\/3\/revisions"}],"wp:attachment":[{"href":"https:\/\/esveld.de\/a\/wp-json\/wp\/v2\/media?parent=3"}],"curies":[{"name":"wp","href":"https:\/\/api.w.org\/{rel}","templated":true}]}}